{"id":6208,"date":"2026-03-04T10:43:46","date_gmt":"2026-03-04T09:43:46","guid":{"rendered":"https:\/\/gvision.be\/?page_id=6208"},"modified":"2026-04-16T19:50:27","modified_gmt":"2026-04-16T17:50:27","slug":"support","status":"publish","type":"page","link":"https:\/\/gvision.be\/nl\/support\/","title":{"rendered":"Support"},"content":{"rendered":"<div data-elementor-type=\"wp-page\" data-elementor-id=\"6208\" class=\"elementor elementor-6208\" data-elementor-post-type=\"page\">\n\t\t\t\t<div class=\"has_eae_slider elementor-element elementor-element-0f090aa e-con-full e-flex e-con e-parent\" data-eae-slider=\"18312\" data-id=\"0f090aa\" data-element_type=\"container\" data-e-type=\"container\" data-settings=\"{&quot;background_background&quot;:&quot;gradient&quot;}\">\n\t\t<div class=\"has_eae_slider elementor-element elementor-element-0256b09 e-con-full e-flex e-con e-child\" data-eae-slider=\"19838\" data-id=\"0256b09\" data-element_type=\"container\" data-e-type=\"container\" id=\"col-gauche\" data-settings=\"{&quot;background_background&quot;:&quot;classic&quot;}\">\n\t\t<div class=\"has_eae_slider elementor-element elementor-element-14fd04b e-con-full e-flex e-con e-child\" data-eae-slider=\"79995\" data-id=\"14fd04b\" data-element_type=\"container\" data-e-type=\"container\">\n\t\t<div class=\"has_eae_slider elementor-element elementor-element-3e263bd e-con-full e-flex e-con e-child\" data-eae-slider=\"65399\" data-id=\"3e263bd\" data-element_type=\"container\" data-e-type=\"container\">\n\t\t\t\t<div class=\"elementor-element elementor-element-d9be858 elementor-widget elementor-widget-html\" data-id=\"d9be858\" data-element_type=\"widget\" data-e-type=\"widget\" data-widget_type=\"html.default\">\n\t\t\t\t<div class=\"elementor-widget-container\">\n\t\t\t\t\t<div class=\"gvision-support-widget\">\r\n  <div class=\"gvision-support-header\">\r\n    <div class=\"gvision-support-title\">Support \u00e0 distance<\/div>\r\n    <div class=\"gvision-support-subtitle\">Acc\u00e8s rapide et s\u00e9curis\u00e9<\/div>\r\n  <\/div>\r\n\r\n  <div class=\"iframe-container\">\r\n    <iframe\r\n      src=\"https:\/\/assist.zoho.eu\/login\/embed-remote-support.jsp\"\r\n      frameborder=\"0\">\r\n    <\/iframe>\r\n  <\/div>\r\n<\/div>\r\n\r\n\t\t\t\t<\/div>\n\t\t\t\t<\/div>\n\t\t\t\t<\/div>\n\t\t\t\t<\/div>\n\t\t<div class=\"has_eae_slider elementor-element elementor-element-17a7427 e-con-full e-flex e-con e-child\" data-eae-slider=\"98334\" data-id=\"17a7427\" data-element_type=\"container\" data-e-type=\"container\">\n\t\t<div class=\"has_eae_slider elementor-element elementor-element-9e8085f e-con-full e-flex e-con e-child\" data-eae-slider=\"61904\" data-id=\"9e8085f\" data-element_type=\"container\" data-e-type=\"container\">\n\t\t\t\t<div class=\"elementor-element elementor-element-a8864bb acenter animation_lifting elementor-widget-mobile__width-initial elementor-widget__width-initial elementor-widget-image-box wgl-image-box wgl-view-default elementor-widget elementor-widget-wgl-infobox\" data-id=\"a8864bb\" data-element_type=\"widget\" data-e-type=\"widget\" data-widget_type=\"wgl-infobox.default\">\n\t\t\t\t<div class=\"elementor-widget-container\">\n\t\t\t\t\t<div class=\"wgl-infobox_bg_wrapper\"><\/div><div class=\"wgl-infobox\"><a class=\"wgl-infobox__link\" href=\"https:\/\/support.gvision.be\/\"><\/a><div class=\"wgl-infobox_wrapper wgl-layout-top\"><span class=\"media-wrapper img-wrapper\"><span class=\"wgl-image-box_img\"><span ><img fetchpriority=\"high\" decoding=\"async\" width=\"640\" height=\"216\" src=\"data:image\/gif;base64,R0lGODlhAQABAIAAAAAAAP\/\/\/yH5BAEAAAAALAAAAAABAAEAAAIBRAA7\" data-src=\"https:\/\/gvision.be\/wp-content\/uploads\/2026\/03\/pngegg-3-e1772932666825.png\" class=\"attachment-full size-full wp-image-6291 lazyload\" alt=\"\" data-srcset=\"https:\/\/gvision.be\/wp-content\/uploads\/2026\/03\/pngegg-3-e1772932666825.png 640w, https:\/\/gvision.be\/wp-content\/uploads\/2026\/03\/pngegg-3-e1772932666825-300x101.png 300w, https:\/\/gvision.be\/wp-content\/uploads\/2026\/03\/pngegg-3-e1772932666825-18x6.png 18w\" sizes=\"(max-width: 640px) 100vw, 640px\" \/><noscript><img decoding=\"async\" width=\"640\" height=\"216\" src=\"https:\/\/gvision.be\/wp-content\/uploads\/2026\/03\/pngegg-3-e1772932666825.png\" class=\"attachment-full size-full wp-image-6291 lazyload\" alt=\"\" srcset=\"https:\/\/gvision.be\/wp-content\/uploads\/2026\/03\/pngegg-3-e1772932666825.png 640w, https:\/\/gvision.be\/wp-content\/uploads\/2026\/03\/pngegg-3-e1772932666825-300x101.png 300w, https:\/\/gvision.be\/wp-content\/uploads\/2026\/03\/pngegg-3-e1772932666825-18x6.png 18w\" sizes=\"(max-width: 640px) 100vw, 640px\" \/><\/noscript><\/span><\/span><\/span><div class=\"content_wrapper\"><div class=\"wgl-infobox-title_wrapper\"><h3 class=\"wgl-infobox_title\"><span class=\"wgl-infobox_title-idle\"><span class=\"elementor-repeater-item-6f82d6e\">Cr\u00e9ez un ticket de support<\/span><\/span><\/h3><\/div><\/div><\/div><\/div>\t\t\t\t<\/div>\n\t\t\t\t<\/div>\n\t\t\t\t<\/div>\n\t\t<div class=\"has_eae_slider elementor-element elementor-element-35b7f04 e-con-full e-flex e-con e-child\" data-eae-slider=\"71758\" data-id=\"35b7f04\" data-element_type=\"container\" data-e-type=\"container\">\n\t\t\t\t<div class=\"elementor-element elementor-element-d4adcb6 acenter animation_lifting elementor-widget-mobile__width-initial elementor-widget__width-initial elementor-widget-image-box wgl-image-box wgl-view-default elementor-widget elementor-widget-wgl-infobox\" data-id=\"d4adcb6\" data-element_type=\"widget\" data-e-type=\"widget\" data-widget_type=\"wgl-infobox.default\">\n\t\t\t\t<div class=\"elementor-widget-container\">\n\t\t\t\t\t<div class=\"wgl-infobox_bg_wrapper\"><\/div><div class=\"wgl-infobox\"><a class=\"wgl-infobox__link\" href=\"https:\/\/wa.me\/32495757585\"><\/a><div class=\"wgl-infobox_wrapper wgl-layout-top\"><span class=\"media-wrapper img-wrapper\"><span class=\"wgl-image-box_img\"><span ><img decoding=\"async\" width=\"2560\" height=\"704\" src=\"data:image\/gif;base64,R0lGODlhAQABAIAAAAAAAP\/\/\/yH5BAEAAAAALAAAAAABAAEAAAIBRAA7\" data-src=\"https:\/\/gvision.be\/wp-content\/uploads\/2026\/04\/WhatsApp_logo.svg-scaled.png\" class=\"attachment-full size-full wp-image-8294 lazyload\" alt=\"\" data-srcset=\"https:\/\/gvision.be\/wp-content\/uploads\/2026\/04\/WhatsApp_logo.svg-scaled.png 2560w, https:\/\/gvision.be\/wp-content\/uploads\/2026\/04\/WhatsApp_logo.svg-300x83.png 300w, https:\/\/gvision.be\/wp-content\/uploads\/2026\/04\/WhatsApp_logo.svg-1024x282.png 1024w, https:\/\/gvision.be\/wp-content\/uploads\/2026\/04\/WhatsApp_logo.svg-768x211.png 768w, https:\/\/gvision.be\/wp-content\/uploads\/2026\/04\/WhatsApp_logo.svg-1536x422.png 1536w, https:\/\/gvision.be\/wp-content\/uploads\/2026\/04\/WhatsApp_logo.svg-2048x563.png 2048w, https:\/\/gvision.be\/wp-content\/uploads\/2026\/04\/WhatsApp_logo.svg-18x5.png 18w, https:\/\/gvision.be\/wp-content\/uploads\/2026\/04\/WhatsApp_logo.svg-1080x297.png 1080w\" sizes=\"(max-width: 2560px) 100vw, 2560px\" \/><noscript><img loading=\"lazy\" decoding=\"async\" width=\"2560\" height=\"704\" src=\"https:\/\/gvision.be\/wp-content\/uploads\/2026\/04\/WhatsApp_logo.svg-scaled.png\" class=\"attachment-full size-full wp-image-8294 lazyload\" alt=\"\" srcset=\"https:\/\/gvision.be\/wp-content\/uploads\/2026\/04\/WhatsApp_logo.svg-scaled.png 2560w, https:\/\/gvision.be\/wp-content\/uploads\/2026\/04\/WhatsApp_logo.svg-300x83.png 300w, https:\/\/gvision.be\/wp-content\/uploads\/2026\/04\/WhatsApp_logo.svg-1024x282.png 1024w, https:\/\/gvision.be\/wp-content\/uploads\/2026\/04\/WhatsApp_logo.svg-768x211.png 768w, https:\/\/gvision.be\/wp-content\/uploads\/2026\/04\/WhatsApp_logo.svg-1536x422.png 1536w, https:\/\/gvision.be\/wp-content\/uploads\/2026\/04\/WhatsApp_logo.svg-2048x563.png 2048w, https:\/\/gvision.be\/wp-content\/uploads\/2026\/04\/WhatsApp_logo.svg-18x5.png 18w, https:\/\/gvision.be\/wp-content\/uploads\/2026\/04\/WhatsApp_logo.svg-1080x297.png 1080w\" sizes=\"(max-width: 2560px) 100vw, 2560px\" \/><\/noscript><\/span><\/span><\/span><div class=\"content_wrapper\"><div class=\"wgl-infobox-title_wrapper\"><h3 class=\"wgl-infobox_title\"><span class=\"wgl-infobox_title-idle\"><span class=\"elementor-repeater-item-6f82d6e\">Contactez-nous par Whatsapp<\/span><\/span><\/h3><\/div><\/div><\/div><\/div>\t\t\t\t<\/div>\n\t\t\t\t<\/div>\n\t\t\t\t<\/div>\n\t\t<div class=\"has_eae_slider elementor-element elementor-element-6ac703d e-con-full e-flex e-con e-child\" data-eae-slider=\"36954\" data-id=\"6ac703d\" data-element_type=\"container\" data-e-type=\"container\">\n\t\t\t\t<div class=\"elementor-element elementor-element-18a785b acenter animation_lifting elementor-widget-mobile__width-initial elementor-widget__width-initial elementor-widget-image-box wgl-image-box wgl-view-default elementor-widget elementor-widget-wgl-infobox\" data-id=\"18a785b\" data-element_type=\"widget\" data-e-type=\"widget\" data-widget_type=\"wgl-infobox.default\">\n\t\t\t\t<div class=\"elementor-widget-container\">\n\t\t\t\t\t<div class=\"wgl-infobox_bg_wrapper\"><\/div><div class=\"wgl-infobox\"><a class=\"wgl-infobox__link\" href=\"https:\/\/anydesk.com\/fr\/downloads\/thank-you?dv=win_exe\"><\/a><div class=\"wgl-infobox_wrapper wgl-layout-top\"><span class=\"media-wrapper img-wrapper\"><span class=\"wgl-image-box_img\"><span ><img loading=\"lazy\" decoding=\"async\" width=\"300\" height=\"55\" src=\"data:image\/gif;base64,R0lGODlhAQABAIAAAAAAAP\/\/\/yH5BAEAAAAALAAAAAABAAEAAAIBRAA7\" data-src=\"https:\/\/gvision.be\/wp-content\/uploads\/2026\/03\/AnyDesk-OEI2kYN3W_brandlogos.net_.svg\" class=\"attachment-full size-full wp-image-6215 lazyload\" alt=\"\" \/><noscript><img loading=\"lazy\" decoding=\"async\" width=\"300\" height=\"55\" src=\"https:\/\/gvision.be\/wp-content\/uploads\/2026\/03\/AnyDesk-OEI2kYN3W_brandlogos.net_.svg\" class=\"attachment-full size-full wp-image-6215 lazyload\" alt=\"\" \/><\/noscript><\/span><\/span><\/span><div class=\"content_wrapper\"><div class=\"wgl-infobox-title_wrapper\"><h3 class=\"wgl-infobox_title\"><span class=\"wgl-infobox_title-idle\"><span class=\"elementor-repeater-item-6f82d6e\">T\u00e9l\u00e9charger AnyDesk<\/span><\/span><\/h3><\/div><\/div><\/div><\/div>\t\t\t\t<\/div>\n\t\t\t\t<\/div>\n\t\t\t\t<\/div>\n\t\t<div class=\"has_eae_slider elementor-element elementor-element-f7c42b0 e-con-full e-flex e-con e-child\" data-eae-slider=\"79141\" data-id=\"f7c42b0\" data-element_type=\"container\" data-e-type=\"container\">\n\t\t\t\t<div class=\"elementor-element elementor-element-710ce29 acenter animation_lifting elementor-widget-mobile__width-initial elementor-widget__width-initial elementor-widget-image-box wgl-image-box wgl-view-default elementor-widget elementor-widget-wgl-infobox\" data-id=\"710ce29\" data-element_type=\"widget\" data-e-type=\"widget\" data-widget_type=\"wgl-infobox.default\">\n\t\t\t\t<div class=\"elementor-widget-container\">\n\t\t\t\t\t<div class=\"wgl-infobox_bg_wrapper\"><\/div><div class=\"wgl-infobox\"><a class=\"wgl-infobox__link\" href=\"https:\/\/download.teamviewer.com\/download\/TeamViewer_Setup_x64.exe\"><\/a><div class=\"wgl-infobox_wrapper wgl-layout-top\"><span class=\"media-wrapper img-wrapper\"><span class=\"wgl-image-box_img\"><span ><img loading=\"lazy\" decoding=\"async\" width=\"2560\" height=\"582\" src=\"data:image\/gif;base64,R0lGODlhAQABAIAAAAAAAP\/\/\/yH5BAEAAAAALAAAAAABAAEAAAIBRAA7\" data-src=\"https:\/\/gvision.be\/wp-content\/uploads\/2026\/03\/4096px-TeamViewer_logo.svg-scaled.png\" class=\"attachment-full size-full wp-image-6218 lazyload\" alt=\"\" data-srcset=\"https:\/\/gvision.be\/wp-content\/uploads\/2026\/03\/4096px-TeamViewer_logo.svg-scaled.png 2560w, https:\/\/gvision.be\/wp-content\/uploads\/2026\/03\/4096px-TeamViewer_logo.svg-300x68.png 300w, https:\/\/gvision.be\/wp-content\/uploads\/2026\/03\/4096px-TeamViewer_logo.svg-1024x233.png 1024w, https:\/\/gvision.be\/wp-content\/uploads\/2026\/03\/4096px-TeamViewer_logo.svg-768x175.png 768w, https:\/\/gvision.be\/wp-content\/uploads\/2026\/03\/4096px-TeamViewer_logo.svg-1536x349.png 1536w, https:\/\/gvision.be\/wp-content\/uploads\/2026\/03\/4096px-TeamViewer_logo.svg-2048x466.png 2048w, https:\/\/gvision.be\/wp-content\/uploads\/2026\/03\/4096px-TeamViewer_logo.svg-18x4.png 18w, https:\/\/gvision.be\/wp-content\/uploads\/2026\/03\/4096px-TeamViewer_logo.svg-1080x245.png 1080w\" sizes=\"(max-width: 2560px) 100vw, 2560px\" \/><noscript><img loading=\"lazy\" decoding=\"async\" width=\"2560\" height=\"582\" src=\"https:\/\/gvision.be\/wp-content\/uploads\/2026\/03\/4096px-TeamViewer_logo.svg-scaled.png\" class=\"attachment-full size-full wp-image-6218 lazyload\" alt=\"\" srcset=\"https:\/\/gvision.be\/wp-content\/uploads\/2026\/03\/4096px-TeamViewer_logo.svg-scaled.png 2560w, https:\/\/gvision.be\/wp-content\/uploads\/2026\/03\/4096px-TeamViewer_logo.svg-300x68.png 300w, https:\/\/gvision.be\/wp-content\/uploads\/2026\/03\/4096px-TeamViewer_logo.svg-1024x233.png 1024w, https:\/\/gvision.be\/wp-content\/uploads\/2026\/03\/4096px-TeamViewer_logo.svg-768x175.png 768w, https:\/\/gvision.be\/wp-content\/uploads\/2026\/03\/4096px-TeamViewer_logo.svg-1536x349.png 1536w, https:\/\/gvision.be\/wp-content\/uploads\/2026\/03\/4096px-TeamViewer_logo.svg-2048x466.png 2048w, https:\/\/gvision.be\/wp-content\/uploads\/2026\/03\/4096px-TeamViewer_logo.svg-18x4.png 18w, https:\/\/gvision.be\/wp-content\/uploads\/2026\/03\/4096px-TeamViewer_logo.svg-1080x245.png 1080w\" sizes=\"(max-width: 2560px) 100vw, 2560px\" \/><\/noscript><\/span><\/span><\/span><div class=\"content_wrapper\"><div class=\"wgl-infobox-title_wrapper\"><h3 class=\"wgl-infobox_title\"><span class=\"wgl-infobox_title-idle\"><span class=\"elementor-repeater-item-6f82d6e\">T\u00e9l\u00e9charger TeamViewer<\/span><\/span><\/h3><\/div><\/div><\/div><\/div>\t\t\t\t<\/div>\n\t\t\t\t<\/div>\n\t\t\t\t<\/div>\n\t\t\t\t<\/div>\n\t\t\t\t<\/div>\n\t\t<div class=\"has_eae_slider elementor-element elementor-element-205efc8 e-con-full e-flex e-con e-child\" data-eae-slider=\"48486\" data-id=\"205efc8\" data-element_type=\"container\" data-e-type=\"container\" id=\"chat-zone\">\n\t\t\t\t<div class=\"elementor-element elementor-element-281b829 elementor-widget elementor-widget-spacer\" data-id=\"281b829\" data-element_type=\"widget\" data-e-type=\"widget\" data-widget_type=\"spacer.default\">\n\t\t\t\t<div class=\"elementor-widget-container\">\n\t\t\t\t\t\t\t<div class=\"elementor-spacer\">\n\t\t\t<div class=\"elementor-spacer-inner\"><\/div>\n\t\t<\/div>\n\t\t\t\t\t\t<\/div>\n\t\t\t\t<\/div>\n\t\t\t\t<div class=\"elementor-element elementor-element-bd2526e elementor-widget__width-initial elementor-widget-tablet__width-initial elementor-widget elementor-widget-html\" data-id=\"bd2526e\" data-element_type=\"widget\" data-e-type=\"widget\" data-widget_type=\"html.default\">\n\t\t\t\t<div class=\"elementor-widget-container\">\n\t\t\t\t\t<div style=\"  width: 100%;  max-width: 550px;   height: 600px;   margin: 0 auto;  border-radius: 12px;  box-shadow: 0 10px 25px rgba(0,0,0,0.1);  overflow: hidden; \/* Coupe ce qui d\u00e9passe proprement *\/  border: 1px solid #e1e1e1; \/* Ajoute une fine bordure pour la structure *\/  background: #fff;\">\r\n  <iframe class=\"lazyload\" \r\n    src=\"https:\/\/salesiq.zohopublic.eu\/signaturesupport.ls?widgetcode=siq4dc26b724a48cb872581d3cd7ab2c363f139ebf1398c55b5582a46c631b5d2a4\"\r\n    style=\"width:100%; height:100%; border:none; display: block;\"\r\n    allow=\"microphone\"\r\n    scrolling=\"no\" \r\n  ><\/iframe>\r\n<\/div>\t\t\t\t<\/div>\n\t\t\t\t<\/div>\n\t\t\t\t<div class=\"elementor-element elementor-element-4ef59cd elementor-widget elementor-widget-spacer\" data-id=\"4ef59cd\" data-element_type=\"widget\" data-e-type=\"widget\" data-widget_type=\"spacer.default\">\n\t\t\t\t<div class=\"elementor-widget-container\">\n\t\t\t\t\t\t\t<div class=\"elementor-spacer\">\n\t\t\t<div class=\"elementor-spacer-inner\"><\/div>\n\t\t<\/div>\n\t\t\t\t\t\t<\/div>\n\t\t\t\t<\/div>\n\t\t\t\t<\/div>\n\t\t\t\t<\/div>\n\t\t\t\t<\/div>","protected":false},"excerpt":{"rendered":"<p>Support \u00e0 distance Acc\u00e8s rapide et s\u00e9curis\u00e9 Cr\u00e9ez un ticket de support Contactez-nous par Whatsapp T\u00e9l\u00e9charger AnyDesk T\u00e9l\u00e9charger TeamViewer<\/p>","protected":false},"author":1,"featured_media":0,"parent":0,"menu_order":0,"comment_status":"closed","ping_status":"closed","template":"","meta":{"_price":"","_stock":"","_tribe_ticket_header":"","_tribe_default_ticket_provider":"","_tribe_ticket_capacity":"0","_ticket_start_date":"","_ticket_end_date":"","_tribe_ticket_show_description":"","_tribe_ticket_show_not_going":false,"_tribe_ticket_use_global_stock":"","_tribe_ticket_global_stock_level":"","_global_stock_mode":"","_global_stock_cap":"","_tribe_rsvp_for_event":"","_tribe_ticket_going_count":"","_tribe_ticket_not_going_count":"","_tribe_tickets_list":"[]","_tribe_ticket_has_attendee_info_fields":false,"footnotes":"","_tec_slr_enabled":"","_tec_slr_layout":""},"class_list":["post-6208","page","type-page","status-publish","hentry"],"ticketed":false,"_links":{"self":[{"href":"https:\/\/gvision.be\/nl\/wp-json\/wp\/v2\/pages\/6208","targetHints":{"allow":["GET"]}}],"collection":[{"href":"https:\/\/gvision.be\/nl\/wp-json\/wp\/v2\/pages"}],"about":[{"href":"https:\/\/gvision.be\/nl\/wp-json\/wp\/v2\/types\/page"}],"author":[{"embeddable":true,"href":"https:\/\/gvision.be\/nl\/wp-json\/wp\/v2\/users\/1"}],"replies":[{"embeddable":true,"href":"https:\/\/gvision.be\/nl\/wp-json\/wp\/v2\/comments?post=6208"}],"version-history":[{"count":523,"href":"https:\/\/gvision.be\/nl\/wp-json\/wp\/v2\/pages\/6208\/revisions"}],"predecessor-version":[{"id":8628,"href":"https:\/\/gvision.be\/nl\/wp-json\/wp\/v2\/pages\/6208\/revisions\/8628"}],"wp:attachment":[{"href":"https:\/\/gvision.be\/nl\/wp-json\/wp\/v2\/media?parent=6208"}],"curies":[{"name":"wp","href":"https:\/\/api.w.org\/{rel}","templated":true}]}}