{"id":4346,"date":"2025-07-05T11:10:37","date_gmt":"2025-07-05T11:10:37","guid":{"rendered":"https:\/\/gvision.be\/?page_id=4346"},"modified":"2026-04-17T00:37:36","modified_gmt":"2026-04-16T22:37:36","slug":"microsoft-365","status":"publish","type":"page","link":"https:\/\/gvision.be\/nl\/modern-workplace\/microsoft-365\/","title":{"rendered":"Microsoft 365"},"content":{"rendered":"<div data-elementor-type=\"wp-page\" data-elementor-id=\"4346\" class=\"elementor elementor-4346\" data-elementor-post-type=\"page\">\n\t\t\t\t<div class=\"has_eae_slider elementor-element elementor-element-2969290 e-flex e-con-boxed e-con e-parent\" data-eae-slider=\"24152\" data-id=\"2969290\" data-element_type=\"container\" data-e-type=\"container\">\n\t\t\t\t\t<div class=\"e-con-inner\">\n\t\t<div class=\"has_eae_slider elementor-element elementor-element-0a59efe e-con-full e-flex e-con e-child\" data-eae-slider=\"75246\" data-id=\"0a59efe\" data-element_type=\"container\" data-e-type=\"container\">\n\t\t\t\t<div class=\"elementor-element elementor-element-6853589 elementor-widget elementor-widget-image\" data-id=\"6853589\" data-element_type=\"widget\" data-e-type=\"widget\" data-widget_type=\"image.default\">\n\t\t\t\t<div class=\"elementor-widget-container\">\n\t\t\t\t\t\t\t\t\t\t\t\t\t\t\t<img fetchpriority=\"high\" decoding=\"async\" width=\"1500\" height=\"1500\" src=\"data:image\/gif;base64,R0lGODlhAQABAIAAAAAAAP\/\/\/yH5BAEAAAAALAAAAAABAAEAAAIBRAA7\" data-src=\"https:\/\/gvision.be\/wp-content\/uploads\/2025\/07\/Microsoft365-Logo.png\" class=\"attachment-full size-full wp-image-4349 lazyload\" alt=\"\" data-srcset=\"https:\/\/gvision.be\/wp-content\/uploads\/2025\/07\/Microsoft365-Logo.png 1500w, https:\/\/gvision.be\/wp-content\/uploads\/2025\/07\/Microsoft365-Logo-300x300.png 300w, https:\/\/gvision.be\/wp-content\/uploads\/2025\/07\/Microsoft365-Logo-1024x1024.png 1024w, https:\/\/gvision.be\/wp-content\/uploads\/2025\/07\/Microsoft365-Logo-150x150.png 150w, https:\/\/gvision.be\/wp-content\/uploads\/2025\/07\/Microsoft365-Logo-768x768.png 768w, https:\/\/gvision.be\/wp-content\/uploads\/2025\/07\/Microsoft365-Logo-540x540.png 540w, https:\/\/gvision.be\/wp-content\/uploads\/2025\/07\/Microsoft365-Logo-1080x1080.png 1080w, https:\/\/gvision.be\/wp-content\/uploads\/2025\/07\/Microsoft365-Logo-240x240.png 240w, https:\/\/gvision.be\/wp-content\/uploads\/2025\/07\/Microsoft365-Logo-600x600.png 600w, https:\/\/gvision.be\/wp-content\/uploads\/2025\/07\/Microsoft365-Logo-96x96.png 96w\" sizes=\"(max-width: 1500px) 100vw, 1500px\" \/><noscript><img decoding=\"async\" width=\"1500\" height=\"1500\" src=\"https:\/\/gvision.be\/wp-content\/uploads\/2025\/07\/Microsoft365-Logo.png\" class=\"attachment-full size-full wp-image-4349 lazyload\" alt=\"\" srcset=\"https:\/\/gvision.be\/wp-content\/uploads\/2025\/07\/Microsoft365-Logo.png 1500w, https:\/\/gvision.be\/wp-content\/uploads\/2025\/07\/Microsoft365-Logo-300x300.png 300w, https:\/\/gvision.be\/wp-content\/uploads\/2025\/07\/Microsoft365-Logo-1024x1024.png 1024w, https:\/\/gvision.be\/wp-content\/uploads\/2025\/07\/Microsoft365-Logo-150x150.png 150w, https:\/\/gvision.be\/wp-content\/uploads\/2025\/07\/Microsoft365-Logo-768x768.png 768w, https:\/\/gvision.be\/wp-content\/uploads\/2025\/07\/Microsoft365-Logo-540x540.png 540w, https:\/\/gvision.be\/wp-content\/uploads\/2025\/07\/Microsoft365-Logo-1080x1080.png 1080w, https:\/\/gvision.be\/wp-content\/uploads\/2025\/07\/Microsoft365-Logo-240x240.png 240w, https:\/\/gvision.be\/wp-content\/uploads\/2025\/07\/Microsoft365-Logo-600x600.png 600w, https:\/\/gvision.be\/wp-content\/uploads\/2025\/07\/Microsoft365-Logo-96x96.png 96w\" sizes=\"(max-width: 1500px) 100vw, 1500px\" \/><\/noscript>\t\t\t\t\t\t\t\t\t\t\t\t\t\t\t<\/div>\n\t\t\t\t<\/div>\n\t\t\t\t<\/div>\n\t\t<div class=\"has_eae_slider elementor-element elementor-element-88fba3d e-con-full e-flex e-con e-child\" data-eae-slider=\"70819\" data-id=\"88fba3d\" data-element_type=\"container\" data-e-type=\"container\">\n\t\t\t\t<div class=\"elementor-element elementor-element-c6c6584 elementor-widget elementor-widget-spacer\" data-id=\"c6c6584\" data-element_type=\"widget\" data-e-type=\"widget\" data-widget_type=\"spacer.default\">\n\t\t\t\t<div class=\"elementor-widget-container\">\n\t\t\t\t\t\t\t<div class=\"elementor-spacer\">\n\t\t\t<div class=\"elementor-spacer-inner\"><\/div>\n\t\t<\/div>\n\t\t\t\t\t\t<\/div>\n\t\t\t\t<\/div>\n\t\t\t\t<div class=\"elementor-element elementor-element-3bb88ce elementor-widget__width-initial divider-yes aleft elementor-widget elementor-widget-wgl-double-heading\" data-id=\"3bb88ce\" data-element_type=\"widget\" data-e-type=\"widget\" data-widget_type=\"wgl-double-heading.default\">\n\t\t\t\t<div class=\"elementor-widget-container\">\n\t\t\t\t\t<div class=\"wgl-double-heading\"><div class=\"dblh__subtitle\">Samenwerking &amp; Productiviteit <\/div><h3 class=\"dblh__title-wrapper translation-block\"><span class=\"dblh__title dblh__title-2\"><span>Schakel een versnelling hoger met<\/span><\/span><span class=\"dblh__title dblh__title-3\"><span> Microsoft 365 &amp; GVISION<\/span><\/span><\/h3><\/div>\t\t\t\t<\/div>\n\t\t\t\t<\/div>\n\t\t\t\t<div class=\"elementor-element elementor-element-67097d3 elementor-widget elementor-widget-spacer\" data-id=\"67097d3\" data-element_type=\"widget\" data-e-type=\"widget\" data-widget_type=\"spacer.default\">\n\t\t\t\t<div class=\"elementor-widget-container\">\n\t\t\t\t\t\t\t<div class=\"elementor-spacer\">\n\t\t\t<div class=\"elementor-spacer-inner\"><\/div>\n\t\t<\/div>\n\t\t\t\t\t\t<\/div>\n\t\t\t\t<\/div>\n\t\t\t\t<div class=\"elementor-element elementor-element-267c10f elementor-widget__width-initial elementor-widget elementor-widget-text-editor\" data-id=\"267c10f\" data-element_type=\"widget\" data-e-type=\"widget\" data-widget_type=\"text-editor.default\">\n\t\t\t\t<div class=\"elementor-widget-container\">\n\t\t\t\t\t\t\t\t\t<p data-start=\"284\" data-end=\"658\" class=\"translation-block\">Tussen <strong>de veelheid aan licenties<\/strong>, <strong>configuratieproblemen<\/strong> en een <strong>gebrek aan inzicht in de beveiliging van gegevens<\/strong>, hebben veel bedrijven moeite om het volledige potentieel van Microsoft 365 te benutten.<br>Hier komt <strong>GVISION in beeld<\/strong>: wij helpen u bij het implementeren, configureren, beveiligen en optimaal benutten van Microsoft 365, zonder complexiteit of tijdverlies.<\/p><p data-start=\"660\" data-end=\"872\">Met onze volledige begeleiding \u2014 van licentiebeheer tot de beveiliging van uw apparaten en identiteiten \u2014 profiteert u van een moderne, vlotte werkomgeving die perfect is afgestemd op uw behoeften.<\/p>\t\t\t\t\t\t\t\t<\/div>\n\t\t\t\t<\/div>\n\t\t\t\t<div class=\"elementor-element elementor-element-9a53cbb elementor-widget elementor-widget-spacer\" data-id=\"9a53cbb\" data-element_type=\"widget\" data-e-type=\"widget\" data-widget_type=\"spacer.default\">\n\t\t\t\t<div class=\"elementor-widget-container\">\n\t\t\t\t\t\t\t<div class=\"elementor-spacer\">\n\t\t\t<div class=\"elementor-spacer-inner\"><\/div>\n\t\t<\/div>\n\t\t\t\t\t\t<\/div>\n\t\t\t\t<\/div>\n\t\t\t\t<div class=\"elementor-element elementor-element-39b9e90 elementor-widget__width-initial aleft has-border_gradient elementor-widget elementor-widget-wgl-button\" data-id=\"39b9e90\" data-element_type=\"widget\" data-e-type=\"widget\" data-widget_type=\"wgl-button.default\">\n\t\t\t\t<div class=\"elementor-widget-container\">\n\t\t\t\t\t<a class=\"wgl-button btn-size-xl\" href=\"https:\/\/gvision.be\/nl\/contacts\/\" role=\"button\"><div class=\"button__content\"><span class=\"button__text\">AFSPRAAK MAKEN<\/span><\/div><\/a>\t\t\t\t<\/div>\n\t\t\t\t<\/div>\n\t\t\t\t<div class=\"elementor-element elementor-element-0854755 elementor-widget elementor-widget-spacer\" data-id=\"0854755\" data-element_type=\"widget\" data-e-type=\"widget\" data-widget_type=\"spacer.default\">\n\t\t\t\t<div class=\"elementor-widget-container\">\n\t\t\t\t\t\t\t<div class=\"elementor-spacer\">\n\t\t\t<div class=\"elementor-spacer-inner\"><\/div>\n\t\t<\/div>\n\t\t\t\t\t\t<\/div>\n\t\t\t\t<\/div>\n\t\t\t\t<\/div>\n\t\t\t\t\t<\/div>\n\t\t\t\t<\/div>\n\t\t<div class=\"has_eae_slider elementor-element elementor-element-013e260 e-flex e-con-boxed e-con e-child\" data-eae-slider=\"5409\" data-id=\"013e260\" data-element_type=\"container\" data-e-type=\"container\" data-settings=\"{&quot;background_background&quot;:&quot;gradient&quot;}\">\n\t\t\t\t\t<div class=\"e-con-inner\">\n\t\t<div class=\"has_eae_slider elementor-element elementor-element-18c6013 e-flex e-con-boxed e-con e-child\" data-eae-slider=\"60577\" data-id=\"18c6013\" data-element_type=\"container\" data-e-type=\"container\">\n\t\t\t\t\t<div class=\"e-con-inner\">\n\t\t\t\t<div class=\"elementor-element elementor-element-979d0f1 elementor-widget elementor-widget-spacer\" data-id=\"979d0f1\" data-element_type=\"widget\" data-e-type=\"widget\" data-widget_type=\"spacer.default\">\n\t\t\t\t<div class=\"elementor-widget-container\">\n\t\t\t\t\t\t\t<div class=\"elementor-spacer\">\n\t\t\t<div class=\"elementor-spacer-inner\"><\/div>\n\t\t<\/div>\n\t\t\t\t\t\t<\/div>\n\t\t\t\t<\/div>\n\t\t\t\t\t<\/div>\n\t\t\t\t<\/div>\n\t\t<div class=\"has_eae_slider elementor-element elementor-element-d038f8b e-flex e-con-boxed e-con e-child\" data-eae-slider=\"31291\" data-id=\"d038f8b\" data-element_type=\"container\" data-e-type=\"container\">\n\t\t\t\t\t<div class=\"e-con-inner\">\n\t\t\t\t<div class=\"elementor-element elementor-element-97c94fa divider-yes aleft elementor-widget elementor-widget-wgl-double-heading\" data-id=\"97c94fa\" data-element_type=\"widget\" data-e-type=\"widget\" data-widget_type=\"wgl-double-heading.default\">\n\t\t\t\t<div class=\"elementor-widget-container\">\n\t\t\t\t\t<div class=\"wgl-double-heading\"><div class=\"dblh__subtitle\">Hoe kunnen wij u helpen?<\/div><h3 class=\"dblh__title-wrapper\"><span class=\"dblh__title dblh__title-1\"><span>Onze Microsoft 365-diensten<\/span><\/span><\/h3><\/div>\t\t\t\t<\/div>\n\t\t\t\t<\/div>\n\t\t\t\t\t<\/div>\n\t\t\t\t<\/div>\n\t\t<div class=\"has_eae_slider elementor-element elementor-element-3ba62cd e-con-full e-flex e-con e-child\" data-eae-slider=\"69350\" data-id=\"3ba62cd\" data-element_type=\"container\" data-e-type=\"container\">\n\t\t\t\t<div class=\"elementor-element elementor-element-8563c8f elementor-widget elementor-widget-spacer\" data-id=\"8563c8f\" data-element_type=\"widget\" data-e-type=\"widget\" data-widget_type=\"spacer.default\">\n\t\t\t\t<div class=\"elementor-widget-container\">\n\t\t\t\t\t\t\t<div class=\"elementor-spacer\">\n\t\t\t<div class=\"elementor-spacer-inner\"><\/div>\n\t\t<\/div>\n\t\t\t\t\t\t<\/div>\n\t\t\t\t<\/div>\n\t\t\t\t<\/div>\n\t\t<div class=\"has_eae_slider elementor-element elementor-element-f1544a9 e-flex e-con-boxed e-con e-child\" data-eae-slider=\"64291\" data-id=\"f1544a9\" data-element_type=\"container\" data-e-type=\"container\">\n\t\t\t\t\t<div class=\"e-con-inner\">\n\t\t\t\t<div class=\"elementor-element elementor-element-b93e284 elementor-widget elementor-widget-text-editor\" data-id=\"b93e284\" data-element_type=\"widget\" data-e-type=\"widget\" data-widget_type=\"text-editor.default\">\n\t\t\t\t<div class=\"elementor-widget-container\">\n\t\t\t\t\t\t\t\t\t<ul><li data-start=\"2052\" data-end=\"2168\"><p data-start=\"2054\" data-end=\"2168\" class=\"translation-block\"><strong>Audit en persoonlijk advies<\/strong><br>\nAnalyse van uw behoeften en aanbevelingen over de passende plannen en diensten.<\/p><\/li><li data-start=\"2170\" data-end=\"2304\"><p data-start=\"2172\" data-end=\"2304\" class=\"translation-block\"><strong>Implementatie en migratie<\/strong><br>\nVlotte overgang naar Microsoft 365 vanuit Google Workspace, lokale Exchange of andere omgevingen.<\/p><\/li><li data-start=\"2306\" data-end=\"2436\"><p data-start=\"2308\" data-end=\"2436\" class=\"translation-block\"><strong>Licentiebeheer<\/strong><br>\nHulp bij het <strong>kiezen van de meest geschikte licenties<\/strong>, aankoop, verlenging en gebruikersbeheer.<\/p><\/li><li data-start=\"2438\" data-end=\"2576\"><p data-start=\"2440\" data-end=\"2576\" class=\"translation-block\"><strong>Opleiding van uw teams<\/strong><br>\nPersoonlijke sessies om de adoptie van Microsoft-tools (Teams, SharePoint, Loop, Exchange\u2026) te verbeteren.<\/p><\/li><li data-start=\"2578\" data-end=\"2740\"><p data-start=\"2580\" data-end=\"2740\" class=\"translation-block\"><strong>Beveiliging van de omgeving<\/strong><br>\nImplementatie van best practices op het gebied van beveiliging (MFA, Intune, apparaatbeheer, bescherming tegen bedreigingen\u2026).<\/p><\/li><li data-start=\"2742\" data-end=\"2892\"><p data-start=\"2744\" data-end=\"2892\" class=\"translation-block\"><strong>Technische ondersteuning &amp; onderhoud<\/strong><br>\nReactieve assistentie, incidentbewaking, beheer van updates, toevoegen\/verwijderen van gebruikers\u2026<\/p><\/li><\/ul>\t\t\t\t\t\t\t\t<\/div>\n\t\t\t\t<\/div>\n\t\t\t\t\t<\/div>\n\t\t\t\t<\/div>\n\t\t<div class=\"has_eae_slider elementor-element elementor-element-ffc6e9a e-con-full e-flex e-con e-child\" data-eae-slider=\"45974\" data-id=\"ffc6e9a\" data-element_type=\"container\" data-e-type=\"container\">\n\t\t\t\t<div class=\"elementor-element elementor-element-5159c8e elementor-widget elementor-widget-spacer\" data-id=\"5159c8e\" data-element_type=\"widget\" data-e-type=\"widget\" data-widget_type=\"spacer.default\">\n\t\t\t\t<div class=\"elementor-widget-container\">\n\t\t\t\t\t\t\t<div class=\"elementor-spacer\">\n\t\t\t<div class=\"elementor-spacer-inner\"><\/div>\n\t\t<\/div>\n\t\t\t\t\t\t<\/div>\n\t\t\t\t<\/div>\n\t\t\t\t<\/div>\n\t\t\t\t\t<\/div>\n\t\t\t\t<\/div>\n\t\t<div class=\"has_eae_slider elementor-element elementor-element-ae0e17d e-flex e-con-boxed e-con e-parent\" data-eae-slider=\"42786\" data-id=\"ae0e17d\" data-element_type=\"container\" data-e-type=\"container\">\n\t\t\t\t\t<div class=\"e-con-inner\">\n\t\t\t\t<div class=\"elementor-element elementor-element-89a8c1a elementor-widget elementor-widget-spacer\" data-id=\"89a8c1a\" data-element_type=\"widget\" data-e-type=\"widget\" data-widget_type=\"spacer.default\">\n\t\t\t\t<div class=\"elementor-widget-container\">\n\t\t\t\t\t\t\t<div class=\"elementor-spacer\">\n\t\t\t<div class=\"elementor-spacer-inner\"><\/div>\n\t\t<\/div>\n\t\t\t\t\t\t<\/div>\n\t\t\t\t<\/div>\n\t\t\t\t<div class=\"elementor-element elementor-element-bbb0bab elementor-widget elementor-widget-heading\" data-id=\"bbb0bab\" data-element_type=\"widget\" data-e-type=\"widget\" data-widget_type=\"heading.default\">\n\t\t\t\t<div class=\"elementor-widget-container\">\n\t\t\t\t\t<h2 class=\"elementor-heading-title elementor-size-default\">Waarom kiezen voor Microsoft 365 met GVISION?<\/h2>\t\t\t\t<\/div>\n\t\t\t\t<\/div>\n\t\t\t\t<div class=\"elementor-element elementor-element-1b28253 elementor-widget elementor-widget-spacer\" data-id=\"1b28253\" data-element_type=\"widget\" data-e-type=\"widget\" data-widget_type=\"spacer.default\">\n\t\t\t\t<div class=\"elementor-widget-container\">\n\t\t\t\t\t\t\t<div class=\"elementor-spacer\">\n\t\t\t<div class=\"elementor-spacer-inner\"><\/div>\n\t\t<\/div>\n\t\t\t\t\t\t<\/div>\n\t\t\t\t<\/div>\n\t\t\t\t<div class=\"elementor-element elementor-element-cd7a2cf button-left elementor-widget elementor-widget-wgl-showcase\" data-id=\"cd7a2cf\" data-element_type=\"widget\" data-e-type=\"widget\" data-widget_type=\"wgl-showcase.default\">\n\t\t\t\t<div class=\"elementor-widget-container\">\n\t\t\t\t\t<div class=\"wgl-showcase breakpoint_on-mobile interactive-showcase\"><div class=\"showcase__item\"><div class=\"showcase__background\"><\/div><h3 class=\"showcase__title\"><span class=\"showcase__subtitle\">01<\/span><span class=\"title\">Begeleiding van A tot Z<\/span><\/h3><div class=\"showcase__content\"><p class=\"translation-block\">Of u nu begint met Microsoft 365 of uw bestaande omgeving wilt optimaliseren, GVISION verzorgt <strong>de implementatie, migratie, configuratie, opleiding en ondersteuning<\/strong> van uw Microsoft-tools.<\/p><\/div><div class=\"showcase__image\"><div class=\"showcase__image-inner\"><img decoding=\"async\" class=\"lazyload\" src=\"data:image\/gif;base64,R0lGODlhAQABAIAAAAAAAP\/\/\/yH5BAEAAAAALAAAAAABAAEAAAIBRAA7\" data-src=\"\"><noscript><img decoding=\"async\" class=\"lazyload\" src=\"\"><\/noscript><\/div><\/div><\/div><div class=\"showcase__item\"><div class=\"showcase__background\"><\/div><h3 class=\"showcase__title\"><span class=\"showcase__subtitle\">02<\/span><span class=\"title\">Duidelijke en aangepaste licenties<\/span><\/h3><div class=\"showcase__content\"><p class=\"translation-block\">Wij weten dat <strong>het kiezen van de juiste licenties<\/strong> uit alle beschikbare opties een echte uitdaging kan zijn.<br>GVISION <strong>adviseert, levert en beheert uw Microsoft 365-licenties<\/strong>, zodat u alleen betaalt voor wat u echt nodig heeft \u2014 niet meer, niet minder.<\/p><\/div><div class=\"showcase__image\"><div class=\"showcase__image-inner\"><img decoding=\"async\" class=\"lazyload\" src=\"data:image\/gif;base64,R0lGODlhAQABAIAAAAAAAP\/\/\/yH5BAEAAAAALAAAAAABAAEAAAIBRAA7\" data-src=\"\"><noscript><img decoding=\"async\" class=\"lazyload\" src=\"\"><\/noscript><\/div><\/div><\/div><div class=\"showcase__item\"><div class=\"showcase__background\"><\/div><h3 class=\"showcase__title\"><span class=\"showcase__subtitle\">03<\/span><span class=\"title\">Versterkte beveiliging en naleving<\/span><\/h3><div class=\"showcase__content\"><p class=\"translation-block\">Met onze oplossingen voor <strong>identiteits- en apparaatbeheer (Intune)<\/strong> en <strong>voorwaardelijke toegang<\/strong> worden uw gegevens beschermd volgens de beste praktijken in de sector. We helpen u te voldoen aan de GDPR-vereisten en de geldende IT-beveiligingsnormen.<\/p><\/div><div class=\"showcase__image\"><div class=\"showcase__image-inner\"><img decoding=\"async\" class=\"lazyload\" src=\"data:image\/gif;base64,R0lGODlhAQABAIAAAAAAAP\/\/\/yH5BAEAAAAALAAAAAABAAEAAAIBRAA7\" data-src=\"\"><noscript><img decoding=\"async\" class=\"lazyload\" src=\"\"><\/noscript><\/div><\/div><\/div><div class=\"showcase__item\"><div class=\"showcase__background\"><\/div><h3 class=\"showcase__title\"><span class=\"showcase__subtitle\">04<\/span><span class=\"title\">Een cloudomgeving op maat<\/span><\/h3><div class=\"showcase__content\"><p class=\"translation-block\">We integreren <strong>OneDrive, SharePoint, Teams, Outlook<\/strong> en de volledige Microsoft 365-suite op een samenhangende manier om samenwerking te vereenvoudigen, communicatie te stroomlijnen en bedrijfscontinu\u00efteit te garanderen.<\/p><\/div><div class=\"showcase__image\"><div class=\"showcase__image-inner\"><img decoding=\"async\" class=\"lazyload\" src=\"data:image\/gif;base64,R0lGODlhAQABAIAAAAAAAP\/\/\/yH5BAEAAAAALAAAAAABAAEAAAIBRAA7\" data-src=\"\"><noscript><img decoding=\"async\" class=\"lazyload\" src=\"\"><\/noscript><\/div><\/div><\/div><div class=\"showcase__item\"><div class=\"showcase__background\"><\/div><h3 class=\"showcase__title\"><span class=\"showcase__subtitle\">05<\/span><span class=\"title\">Een responsief technisch team<\/span><\/h3><div class=\"showcase__content\"><p class=\"translation-block\">We integreren <strong>OneDrive, SharePoint, Teams, Outlook<\/strong> en de volledige Microsoft 365-suite op een samenhangende manier om samenwerking te vereenvoudigen, communicatie te stroomlijnen en bedrijfscontinu\u00efteit te garanderen.<\/p><\/div><div class=\"showcase__image\"><div class=\"showcase__image-inner\"><img decoding=\"async\" class=\"lazyload\" src=\"data:image\/gif;base64,R0lGODlhAQABAIAAAAAAAP\/\/\/yH5BAEAAAAALAAAAAABAAEAAAIBRAA7\" data-src=\"\"><noscript><img decoding=\"async\" class=\"lazyload\" src=\"\"><\/noscript><\/div><\/div><\/div><\/div>\t\t\t\t<\/div>\n\t\t\t\t<\/div>\n\t\t\t\t<div class=\"elementor-element elementor-element-727c254 elementor-widget elementor-widget-spacer\" data-id=\"727c254\" data-element_type=\"widget\" data-e-type=\"widget\" data-widget_type=\"spacer.default\">\n\t\t\t\t<div class=\"elementor-widget-container\">\n\t\t\t\t\t\t\t<div class=\"elementor-spacer\">\n\t\t\t<div class=\"elementor-spacer-inner\"><\/div>\n\t\t<\/div>\n\t\t\t\t\t\t<\/div>\n\t\t\t\t<\/div>\n\t\t\t\t\t<\/div>\n\t\t\t\t<\/div>\n\t\t<div class=\"has_eae_slider elementor-element elementor-element-053cd5b e-flex e-con-boxed e-con e-parent\" data-eae-slider=\"87486\" data-id=\"053cd5b\" data-element_type=\"container\" data-e-type=\"container\">\n\t\t\t\t\t<div class=\"e-con-inner\">\n\t\t<div class=\"has_eae_slider elementor-element elementor-element-c6c1970 e-con-full e-flex e-con e-child\" data-eae-slider=\"31193\" data-id=\"c6c1970\" data-element_type=\"container\" data-e-type=\"container\">\n\t\t\t\t<div class=\"elementor-element elementor-element-c862741 elementor-widget elementor-widget-spacer\" data-id=\"c862741\" data-element_type=\"widget\" data-e-type=\"widget\" data-widget_type=\"spacer.default\">\n\t\t\t\t<div class=\"elementor-widget-container\">\n\t\t\t\t\t\t\t<div class=\"elementor-spacer\">\n\t\t\t<div class=\"elementor-spacer-inner\"><\/div>\n\t\t<\/div>\n\t\t\t\t\t\t<\/div>\n\t\t\t\t<\/div>\n\t\t\t\t<div class=\"elementor-element elementor-element-67d516d acenter elementor-widget elementor-widget-wgl-double-heading\" data-id=\"67d516d\" data-element_type=\"widget\" data-e-type=\"widget\" data-widget_type=\"wgl-double-heading.default\">\n\t\t\t\t<div class=\"elementor-widget-container\">\n\t\t\t\t\t<div class=\"wgl-double-heading\"><h3 class=\"dblh__title-wrapper translation-block\"><span class=\"dblh__title dblh__title-1\"><span>Klaar om uw <br>bedrijf naar een hoger niveau te tillen?<\/span><\/span><span class=\"dblh__title dblh__title-3\"><span>Plan een afspraak met een expert<\/span><\/span><\/h3><\/div>\t\t\t\t<\/div>\n\t\t\t\t<\/div>\n\t\t\t\t<div class=\"elementor-element elementor-element-51a8b3f elementor-widget elementor-widget-spacer\" data-id=\"51a8b3f\" data-element_type=\"widget\" data-e-type=\"widget\" data-widget_type=\"spacer.default\">\n\t\t\t\t<div class=\"elementor-widget-container\">\n\t\t\t\t\t\t\t<div class=\"elementor-spacer\">\n\t\t\t<div class=\"elementor-spacer-inner\"><\/div>\n\t\t<\/div>\n\t\t\t\t\t\t<\/div>\n\t\t\t\t<\/div>\n\t\t<div class=\"has_eae_slider elementor-element elementor-element-a8821d3 e-con-full e-flex e-con e-child\" data-eae-slider=\"19591\" data-id=\"a8821d3\" data-element_type=\"container\" data-e-type=\"container\">\n\t\t\t\t<div class=\"elementor-element elementor-element-25822bb acenter has-border_gradient elementor-widget elementor-widget-wgl-button\" data-id=\"25822bb\" data-element_type=\"widget\" data-e-type=\"widget\" data-widget_type=\"wgl-button.default\">\n\t\t\t\t<div class=\"elementor-widget-container\">\n\t\t\t\t\t<a class=\"wgl-button btn-size-xl\" href=\"https:\/\/gvision.be\/nl\/contacts\/\" role=\"button\"><div class=\"button__content\"><span class=\"button__text\">Afspraak maken<\/span><\/div><\/a>\t\t\t\t<\/div>\n\t\t\t\t<\/div>\n\t\t\t\t<div class=\"elementor-element elementor-element-f1892cf acenter has-border_gradient elementor-widget elementor-widget-wgl-button\" data-id=\"f1892cf\" data-element_type=\"widget\" data-e-type=\"widget\" data-widget_type=\"wgl-button.default\">\n\t\t\t\t<div class=\"elementor-widget-container\">\n\t\t\t\t\t<a class=\"wgl-button btn-size-xl\" href=\"tel:+3223159660\" role=\"button\"><div class=\"button__content\"><span class=\"button__text\">Bel ons<\/span><\/div><\/a>\t\t\t\t<\/div>\n\t\t\t\t<\/div>\n\t\t\t\t<\/div>\n\t\t\t\t<div class=\"elementor-element elementor-element-0c3873b elementor-widget elementor-widget-spacer\" data-id=\"0c3873b\" data-element_type=\"widget\" data-e-type=\"widget\" data-widget_type=\"spacer.default\">\n\t\t\t\t<div class=\"elementor-widget-container\">\n\t\t\t\t\t\t\t<div class=\"elementor-spacer\">\n\t\t\t<div class=\"elementor-spacer-inner\"><\/div>\n\t\t<\/div>\n\t\t\t\t\t\t<\/div>\n\t\t\t\t<\/div>\n\t\t\t\t<div class=\"elementor-element elementor-element-38a3dbd elementor-hidden-mobile elementor-widget elementor-widget-spacer\" data-id=\"38a3dbd\" data-element_type=\"widget\" data-e-type=\"widget\" data-widget_type=\"spacer.default\">\n\t\t\t\t<div class=\"elementor-widget-container\">\n\t\t\t\t\t\t\t<div class=\"elementor-spacer\">\n\t\t\t<div class=\"elementor-spacer-inner\"><\/div>\n\t\t<\/div>\n\t\t\t\t\t\t<\/div>\n\t\t\t\t<\/div>\n\t\t\t\t<\/div>\n\t\t\t\t\t<\/div>\n\t\t\t\t<\/div>\n\t\t\t\t<\/div>","protected":false},"excerpt":{"rendered":"<p>collaboration &#038; productivit\u00e9 Passez \u00e0 la vitesse sup\u00e9rieure avec Microsoft 365 &#038; GVISION Entre multiplicit\u00e9 des licences, probl\u00e8mes de configuration ou manque de visibilit\u00e9 sur la s\u00e9curit\u00e9 des donn\u00e9es, beaucoup [&hellip;]<\/p>\n","protected":false},"author":1,"featured_media":0,"parent":3735,"menu_order":0,"comment_status":"closed","ping_status":"closed","template":"","meta":{"_price":"","_stock":"","_tribe_ticket_header":"","_tribe_default_ticket_provider":"","_tribe_ticket_capacity":"0","_ticket_start_date":"","_ticket_end_date":"","_tribe_ticket_show_description":"","_tribe_ticket_show_not_going":false,"_tribe_ticket_use_global_stock":"","_tribe_ticket_global_stock_level":"","_global_stock_mode":"","_global_stock_cap":"","_tribe_rsvp_for_event":"","_tribe_ticket_going_count":"","_tribe_ticket_not_going_count":"","_tribe_tickets_list":"[]","_tribe_ticket_has_attendee_info_fields":false,"footnotes":"","_tec_slr_enabled":"","_tec_slr_layout":""},"class_list":["post-4346","page","type-page","status-publish","hentry"],"ticketed":false,"_links":{"self":[{"href":"https:\/\/gvision.be\/nl\/wp-json\/wp\/v2\/pages\/4346","targetHints":{"allow":["GET"]}}],"collection":[{"href":"https:\/\/gvision.be\/nl\/wp-json\/wp\/v2\/pages"}],"about":[{"href":"https:\/\/gvision.be\/nl\/wp-json\/wp\/v2\/types\/page"}],"author":[{"embeddable":true,"href":"https:\/\/gvision.be\/nl\/wp-json\/wp\/v2\/users\/1"}],"replies":[{"embeddable":true,"href":"https:\/\/gvision.be\/nl\/wp-json\/wp\/v2\/comments?post=4346"}],"version-history":[{"count":49,"href":"https:\/\/gvision.be\/nl\/wp-json\/wp\/v2\/pages\/4346\/revisions"}],"predecessor-version":[{"id":8650,"href":"https:\/\/gvision.be\/nl\/wp-json\/wp\/v2\/pages\/4346\/revisions\/8650"}],"up":[{"embeddable":true,"href":"https:\/\/gvision.be\/nl\/wp-json\/wp\/v2\/pages\/3735"}],"wp:attachment":[{"href":"https:\/\/gvision.be\/nl\/wp-json\/wp\/v2\/media?parent=4346"}],"curies":[{"name":"wp","href":"https:\/\/api.w.org\/{rel}","templated":true}]}}