{"id":2249,"date":"2025-01-29T17:22:04","date_gmt":"2025-01-29T17:22:04","guid":{"rendered":"https:\/\/wgl-dsites.net\/mindy\/?page_id=2249"},"modified":"2026-03-26T16:02:11","modified_gmt":"2026-03-26T15:02:11","slug":"coming-soon","status":"publish","type":"page","link":"https:\/\/gvision.be\/nl\/coming-soon\/","title":{"rendered":"Beschikbaar"},"content":{"rendered":"<div data-elementor-type=\"wp-page\" data-elementor-id=\"2249\" class=\"elementor elementor-2249\" data-elementor-post-type=\"page\">\n\t\t\t\t<div class=\"has_eae_slider elementor-element elementor-element-44c9349 e-con-full e-flex e-con e-parent\" data-eae-slider=\"79405\" data-id=\"44c9349\" data-element_type=\"container\" data-e-type=\"container\" data-settings=\"{&quot;background_background&quot;:&quot;gradient&quot;}\">\n\t\t<div class=\"has_eae_slider elementor-element elementor-element-a5ec058 e-flex e-con-boxed e-con e-child\" data-eae-slider=\"26457\" data-id=\"a5ec058\" data-element_type=\"container\" data-e-type=\"container\">\n\t\t\t\t\t<div class=\"e-con-inner\">\n\t\t\t\t<div class=\"elementor-element elementor-element-f886803 elementor-widget elementor-widget-spacer\" data-id=\"f886803\" data-element_type=\"widget\" data-e-type=\"widget\" data-widget_type=\"spacer.default\">\n\t\t\t\t<div class=\"elementor-widget-container\">\n\t\t\t\t\t\t\t<div class=\"elementor-spacer\">\n\t\t\t<div class=\"elementor-spacer-inner\"><\/div>\n\t\t<\/div>\n\t\t\t\t\t\t<\/div>\n\t\t\t\t<\/div>\n\t\t<div class=\"has_eae_slider elementor-element elementor-element-7520d65 e-con-full e-flex e-con e-child\" data-eae-slider=\"22308\" data-id=\"7520d65\" data-element_type=\"container\" data-e-type=\"container\">\n\t\t\t\t<div class=\"elementor-element elementor-element-77beddf elementor-widget elementor-widget-wgl-header-logo\" data-id=\"77beddf\" data-element_type=\"widget\" data-e-type=\"widget\" data-widget_type=\"wgl-header-logo.default\">\n\t\t\t\t<div class=\"elementor-widget-container\">\n\t\t\t\t\t<div class=\"wgl-logotype-container default_logo\"><a href=\"https:\/\/gvision.be\/nl\/\"><img decoding=\"async\" class=\"default_logo lazyload\" src=\"data:image\/gif;base64,R0lGODlhAQABAIAAAAAAAP\/\/\/yH5BAEAAAAALAAAAAABAAEAAAIBRAA7\" data-src=\"https:\/\/gvision.be\/wp-content\/uploads\/2025\/05\/GVISION-IT-4955-scaled.png\" alt=\"logotype\" style=\"height: 36px;\"><noscript><img decoding=\"async\" class=\"default_logo lazyload\" src=\"https:\/\/gvision.be\/wp-content\/uploads\/2025\/05\/GVISION-IT-4955-scaled.png\" alt=\"logotype\" style=\"height: 36px;\"><\/noscript><\/a><\/div>\t\t\t\t<\/div>\n\t\t\t\t<\/div>\n\t\t\t\t<\/div>\n\t\t\t\t<div class=\"elementor-element elementor-element-77b1dce elementor-widget elementor-widget-spacer\" data-id=\"77b1dce\" data-element_type=\"widget\" data-e-type=\"widget\" data-widget_type=\"spacer.default\">\n\t\t\t\t<div class=\"elementor-widget-container\">\n\t\t\t\t\t\t\t<div class=\"elementor-spacer\">\n\t\t\t<div class=\"elementor-spacer-inner\"><\/div>\n\t\t<\/div>\n\t\t\t\t\t\t<\/div>\n\t\t\t\t<\/div>\n\t\t\t\t<div class=\"elementor-element elementor-element-82a6eb3 elementor-widget elementor-widget-spacer\" data-id=\"82a6eb3\" data-element_type=\"widget\" data-e-type=\"widget\" data-widget_type=\"spacer.default\">\n\t\t\t\t<div class=\"elementor-widget-container\">\n\t\t\t\t\t\t\t<div class=\"elementor-spacer\">\n\t\t\t<div class=\"elementor-spacer-inner\"><\/div>\n\t\t<\/div>\n\t\t\t\t\t\t<\/div>\n\t\t\t\t<\/div>\n\t\t\t\t<div class=\"elementor-element elementor-element-d0efff5 elementor-widget elementor-widget-html\" data-id=\"d0efff5\" data-element_type=\"widget\" data-e-type=\"widget\" data-widget_type=\"html.default\">\n\t\t\t\t<div class=\"elementor-widget-container\">\n\t\t\t\t\t<div style=\"text-align:center;padding:3rem 2rem;min-height:400px;display:flex;flex-direction:column;align-items:center;justify-content:center;\">\r\n\r\n  <div class=\"cs-badge\" style=\"display:inline-flex;align-items:center;gap:8px;border:1px solid rgba(179,110,240,0.4);padding:7px 20px;border-radius:30px;margin-bottom:2rem;\">\r\n    <span class=\"cs-dot1\" style=\"width:7px;height:7px;border-radius:50%;background:#b36ef0;display:inline-block;\"><\/span>\r\n    <span style=\"font-size:11px;letter-spacing:4px;color:#9a8fb0;text-transform:uppercase;font-family:sans-serif;\">Binnenkort beschikbaar<\/span>\r\n    <span class=\"cs-dot2\" style=\"width:7px;height:7px;border-radius:50%;background:#7ab0f0;display:inline-block;\"><\/span>\r\n  <\/div>\r\n\r\n  <div class=\"cs-we\" style=\"font-size:56px;font-weight:300;color:#2a2a3a;font-family:Georgia,serif;line-height:1.1;margin-bottom:0.1em;\">\r\n    Binnenkort\r\n  <\/div>\r\n\r\n  <div class=\"cs-coming\" style=\"font-size:64px;font-weight:400;font-style:italic;font-family:Georgia,serif;line-height:1.2;margin-bottom:1.5rem;\">\r\n    Beschikbaar\r\n  <\/div>\r\n\r\n  <div class=\"cs-line\" style=\"height:3px;background:linear-gradient(90deg,#b36ef0,#7ab0f0,#f07ab3);border-radius:3px;margin-bottom:1.5rem;width:0;\"><\/div>\r\n\r\n  <p class=\"cs-text\" style=\"font-size:16px;color:#6b6b80;font-family:sans-serif;line-height:1.9;max-width:480px;margin:0;\">\r\n    Wij werken actief aan deze sectie.\nKom binnenkort terug om de inhoud te ontdekken.\r\n  <\/p>\r\n\r\n  <div style=\"display:flex;gap:8px;margin-top:2rem;animation:fadeUp 1s ease 2s both;opacity:0;\">\r\n    <span class=\"cs-dot1\" style=\"width:8px;height:8px;border-radius:50%;background:#b36ef0;display:inline-block;\"><\/span>\r\n    <span class=\"cs-dot2\" style=\"width:8px;height:8px;border-radius:50%;background:#7ab0f0;display:inline-block;\"><\/span>\r\n    <span class=\"cs-dot3\" style=\"width:8px;height:8px;border-radius:50%;background:#f07ab3;display:inline-block;\"><\/span>\r\n  <\/div>\r\n\r\n<\/div>\r\n\r\n<style>\r\n@keyframes fadeDown { from{opacity:0;transform:translateY(-50px)} to{opacity:1;transform:translateY(0)} }\r\n@keyframes fadeUp { from{opacity:0;transform:translateY(50px)} to{opacity:1;transform:translateY(0)} }\r\n@keyframes gradientShift {\r\n  0%{background-position:0% 50%}\r\n  50%{background-position:100% 50%}\r\n  100%{background-position:0% 50%}\r\n}\r\n@keyframes float { 0%,100%{transform:translateY(0)} 50%{transform:translateY(-12px)} }\r\n@keyframes lineExpand { from{width:0;opacity:0} to{width:120px;opacity:1} }\r\n@keyframes pulse { 0%,100%{opacity:1;transform:scale(1)} 50%{opacity:0.6;transform:scale(0.97)} }\r\n@keyframes badgePop { 0%{opacity:0;transform:scale(0.5)} 70%{transform:scale(1.1)} 100%{opacity:1;transform:scale(1)} }\r\n\r\n.cs-badge { animation: badgePop 0.8s cubic-bezier(.34,1.56,.64,1) 0.2s both; }\r\n.cs-we { animation: fadeDown 0.9s ease 0.6s both; opacity:0; }\r\n.cs-coming {\r\n  background: linear-gradient(90deg, #b36ef0, #7ab0f0, #f07ab3, #e8a0f0, #b36ef0);\r\n  background-size: 300% auto;\r\n  -webkit-background-clip: text;\r\n  -webkit-text-fill-color: transparent;\r\n  background-clip: text;\r\n  animation: gradientShift 3s linear infinite, fadeDown 0.9s ease 0.9s both, float 4s ease-in-out 2s infinite;\r\n  opacity: 0;\r\n}\r\n.cs-line { animation: lineExpand 0.8s ease 1.4s both; }\r\n.cs-text { animation: fadeUp 0.9s ease 1.6s both; opacity:0; }\r\n.cs-dot1 { animation: pulse 2s ease-in-out 2s infinite; }\r\n.cs-dot2 { animation: pulse 2s ease-in-out 2.3s infinite; }\r\n.cs-dot3 { animation: pulse 2s ease-in-out 2.6s infinite; }\r\n<\/style>\t\t\t\t<\/div>\n\t\t\t\t<\/div>\n\t\t\t\t<div class=\"elementor-element elementor-element-c9deb3e elementor-widget elementor-widget-spacer\" data-id=\"c9deb3e\" data-element_type=\"widget\" data-e-type=\"widget\" data-widget_type=\"spacer.default\">\n\t\t\t\t<div class=\"elementor-widget-container\">\n\t\t\t\t\t\t\t<div class=\"elementor-spacer\">\n\t\t\t<div class=\"elementor-spacer-inner\"><\/div>\n\t\t<\/div>\n\t\t\t\t\t\t<\/div>\n\t\t\t\t<\/div>\n\t\t\t\t<div class=\"elementor-element elementor-element-9996c8f elementor-widget elementor-widget-spacer\" data-id=\"9996c8f\" data-element_type=\"widget\" data-e-type=\"widget\" data-widget_type=\"spacer.default\">\n\t\t\t\t<div class=\"elementor-widget-container\">\n\t\t\t\t\t\t\t<div class=\"elementor-spacer\">\n\t\t\t<div class=\"elementor-spacer-inner\"><\/div>\n\t\t<\/div>\n\t\t\t\t\t\t<\/div>\n\t\t\t\t<\/div>\n\t\t\t\t\t<\/div>\n\t\t\t\t<\/div>\n\t\t\t\t<\/div>\n\t\t\t\t<\/div>","protected":false},"excerpt":{"rendered":"<p>Bient\u00f4t disponible We are Coming Soon Nous travaillons activement sur cette section. Revenez bient\u00f4t pour d\u00e9couvrir son contenu.<\/p>","protected":false},"author":1,"featured_media":0,"parent":0,"menu_order":0,"comment_status":"closed","ping_status":"closed","template":"","meta":{"_price":"","_stock":"","_tribe_ticket_header":"","_tribe_default_ticket_provider":"","_tribe_ticket_capacity":"0","_ticket_start_date":"","_ticket_end_date":"","_tribe_ticket_show_description":"","_tribe_ticket_show_not_going":false,"_tribe_ticket_use_global_stock":"","_tribe_ticket_global_stock_level":"","_global_stock_mode":"","_global_stock_cap":"","_tribe_rsvp_for_event":"","_tribe_ticket_going_count":"","_tribe_ticket_not_going_count":"","_tribe_tickets_list":"[]","_tribe_ticket_has_attendee_info_fields":false,"footnotes":"","_tec_slr_enabled":"","_tec_slr_layout":""},"class_list":["post-2249","page","type-page","status-publish","hentry"],"ticketed":false,"_links":{"self":[{"href":"https:\/\/gvision.be\/nl\/wp-json\/wp\/v2\/pages\/2249","targetHints":{"allow":["GET"]}}],"collection":[{"href":"https:\/\/gvision.be\/nl\/wp-json\/wp\/v2\/pages"}],"about":[{"href":"https:\/\/gvision.be\/nl\/wp-json\/wp\/v2\/types\/page"}],"author":[{"embeddable":true,"href":"https:\/\/gvision.be\/nl\/wp-json\/wp\/v2\/users\/1"}],"replies":[{"embeddable":true,"href":"https:\/\/gvision.be\/nl\/wp-json\/wp\/v2\/comments?post=2249"}],"version-history":[{"count":15,"href":"https:\/\/gvision.be\/nl\/wp-json\/wp\/v2\/pages\/2249\/revisions"}],"predecessor-version":[{"id":6854,"href":"https:\/\/gvision.be\/nl\/wp-json\/wp\/v2\/pages\/2249\/revisions\/6854"}],"wp:attachment":[{"href":"https:\/\/gvision.be\/nl\/wp-json\/wp\/v2\/media?parent=2249"}],"curies":[{"name":"wp","href":"https:\/\/api.w.org\/{rel}","templated":true}]}}