{"id":8461,"date":"2026-04-14T13:55:00","date_gmt":"2026-04-14T11:55:00","guid":{"rendered":"https:\/\/gvision.be\/?page_id=8461"},"modified":"2026-04-14T14:02:26","modified_gmt":"2026-04-14T12:02:26","slug":"cookies","status":"publish","type":"page","link":"https:\/\/gvision.be\/en\/cookies\/","title":{"rendered":"Politique de cookies"},"content":{"rendered":"<div data-elementor-type=\"wp-page\" data-elementor-id=\"8461\" class=\"elementor elementor-8461\" data-elementor-post-type=\"page\">\n\t\t\t\t<div class=\"has_eae_slider elementor-element elementor-element-6c9d03d e-flex e-con-boxed e-con e-parent\" data-eae-slider=\"57045\" data-id=\"6c9d03d\" data-element_type=\"container\" data-e-type=\"container\">\n\t\t\t\t\t<div class=\"e-con-inner\">\n\t\t\t\t<div class=\"elementor-element elementor-element-0154242 elementor-widget elementor-widget-spacer\" data-id=\"0154242\" data-element_type=\"widget\" data-e-type=\"widget\" data-widget_type=\"spacer.default\">\n\t\t\t\t<div class=\"elementor-widget-container\">\n\t\t\t\t\t\t\t<div class=\"elementor-spacer\">\n\t\t\t<div class=\"elementor-spacer-inner\"><\/div>\n\t\t<\/div>\n\t\t\t\t\t\t<\/div>\n\t\t\t\t<\/div>\n\t\t\t\t<div class=\"elementor-element elementor-element-5194757 aleft elementor-widget elementor-widget-wgl-double-heading\" data-id=\"5194757\" data-element_type=\"widget\" data-e-type=\"widget\" data-widget_type=\"wgl-double-heading.default\">\n\t\t\t\t<div class=\"elementor-widget-container\">\n\t\t\t\t\t<div class=\"wgl-double-heading\"><h3 class=\"dblh__title-wrapper\"><span class=\"dblh__title dblh__title-1\"><span>Politique de cookies \u2013 GVISION<\/span><\/span><\/h3><div class=\"dblh__content\"><h5 data-section-id=\"xgfogq\" data-start=\"275\" data-end=\"293\">1. Introduction<\/h5><p data-start=\"295\" data-end=\"494\">Le site <a data-start=\"303\" data-end=\"321\" rel=\"noopener\" target=\"_new\" class=\"decorated-link\" href=\"https:\/\/gvision.be\/en\/\">https:\/\/gvision.be<span aria-hidden=\"true\" class=\"ms-0.5 inline-block align-middle leading-none\"><\/span><\/a>, exploit\u00e9 par <span class=\"hover:entity-accent entity-underline inline cursor-pointer align-baseline\"><span class=\"whitespace-normal\">GVISION SRL<\/span><\/span>, utilise des cookies afin d\u2019am\u00e9liorer votre exp\u00e9rience utilisateur, analyser le trafic et proposer des contenus adapt\u00e9s.<\/p><p data-start=\"496\" data-end=\"665\">Cette politique est conforme au <span class=\"hover:entity-accent entity-underline inline cursor-pointer align-baseline\"><span class=\"whitespace-normal\">R\u00e8glement G\u00e9n\u00e9ral sur la Protection des Donn\u00e9es<\/span><\/span> ainsi qu\u2019\u00e0 la directive ePrivacy et aux recommandations de l\u2019<span class=\"hover:entity-accent entity-underline inline cursor-pointer align-baseline\"><span class=\"whitespace-normal\">Autorit\u00e9 de protection des donn\u00e9es<\/span><\/span>.<\/p><h5 data-section-id=\"17c92mo\" data-start=\"672\" data-end=\"702\">2. Qu\u2019est-ce qu\u2019un cookie ?<\/h5><p data-start=\"704\" data-end=\"825\">Un cookie est un petit fichier texte enregistr\u00e9 sur votre appareil lors de la visite d\u2019un site web. Il permet notamment :<\/p><ul data-start=\"827\" data-end=\"927\"><li data-section-id=\"zkyuck\" data-start=\"827\" data-end=\"862\">de reconna\u00eetre votre navigateur<\/li><li data-section-id=\"14amape\" data-start=\"863\" data-end=\"895\">de m\u00e9moriser vos pr\u00e9f\u00e9rences<\/li><li data-section-id=\"529cm2\" data-start=\"896\" data-end=\"927\">d\u2019analyser votre navigation<\/li><\/ul><h5 data-section-id=\"1oy9oht\" data-start=\"934\" data-end=\"965\">3. Types de cookies utilis\u00e9s<\/h5><h6 data-section-id=\"1oy9oht\" data-start=\"934\" data-end=\"965\">\u00a0<\/h6><h6 data-section-id=\"1oy9oht\" data-start=\"934\" data-end=\"965\">3.1 Cookies strictement n\u00e9cessaires<\/h6><p data-start=\"1011\" data-end=\"1107\">Ces cookies sont indispensables au bon fonctionnement du site et ne peuvent pas \u00eatre d\u00e9sactiv\u00e9s.<\/p><p data-start=\"1109\" data-end=\"1119\">Exemples :<\/p><ul data-start=\"1120\" data-end=\"1187\"><li data-section-id=\"1ldhzy2\" data-start=\"1120\" data-end=\"1142\">gestion de session<\/li><li data-section-id=\"1rwla1u\" data-start=\"1143\" data-end=\"1155\">security<\/li><li data-section-id=\"1l5q94o\" data-start=\"1156\" data-end=\"1187\">pr\u00e9f\u00e9rences de consentement<\/li><\/ul><p data-start=\"1189\" data-end=\"1222\">Base l\u00e9gale : int\u00e9r\u00eat l\u00e9gitime<\/p><h6 data-section-id=\"5cvjse\" data-start=\"1229\" data-end=\"1259\">3.2 Cookies analytiques<\/h6><p data-start=\"1261\" data-end=\"1359\">Ces cookies nous permettent d\u2019analyser l\u2019utilisation du site afin d\u2019en am\u00e9liorer les performances.<\/p><p data-start=\"1361\" data-end=\"1376\">Outil utilis\u00e9 :<\/p><ul data-start=\"1377\" data-end=\"1418\"><li data-section-id=\"cgv1px\" data-start=\"1377\" data-end=\"1418\"><span class=\"hover:entity-accent entity-underline inline cursor-pointer align-baseline\"><span class=\"whitespace-normal\">Google Analytics<\/span><\/span><\/li><li data-section-id=\"cgv1px\" data-start=\"1377\" data-end=\"1418\">Zoho SalesIQ<\/li><\/ul><p data-start=\"1420\" data-end=\"1443\">Donn\u00e9es collect\u00e9es :<\/p><ul data-start=\"1444\" data-end=\"1532\"><li data-section-id=\"1rp071i\" data-start=\"1444\" data-end=\"1462\">pages visit\u00e9es<\/li><li data-section-id=\"1ir6l4c\" data-start=\"1463\" data-end=\"1486\">dur\u00e9e de navigation<\/li><li data-section-id=\"b53r27\" data-start=\"1487\" data-end=\"1506\">type d\u2019appareil<\/li><li data-section-id=\"1u1p3aj\" data-start=\"1507\" data-end=\"1532\">adresse IP (anonymis\u00e9e)<\/li><\/ul><p data-start=\"1534\" data-end=\"1563\">Base l\u00e9gale : consentement<\/p><h6 data-section-id=\"a05fsv\" data-start=\"1570\" data-end=\"1598\">3.3 Cookies marketing<\/h6><p data-start=\"1600\" data-end=\"1700\">Ces cookies permettent de vous proposer des publicit\u00e9s personnalis\u00e9es et de mesurer leur efficacit\u00e9.<\/p><p data-start=\"1702\" data-end=\"1719\">Outils utilis\u00e9s :<\/p><ul data-start=\"1720\" data-end=\"1803\"><li data-section-id=\"eyrt5h\" data-start=\"1720\" data-end=\"1761\"><span class=\"hover:entity-accent entity-underline inline cursor-pointer align-baseline\"><span class=\"whitespace-normal\">Meta Pixel<\/span><\/span><\/li><li data-section-id=\"hjs5dh\" data-start=\"1762\" data-end=\"1803\"><span class=\"hover:entity-accent entity-underline inline cursor-pointer align-baseline\"><span class=\"whitespace-normal\">Hotjar<\/span><\/span><\/li><\/ul><p data-start=\"1805\" data-end=\"1819\">Finalit\u00e9s :<\/p><ul data-start=\"1820\" data-end=\"1888\"><li data-section-id=\"qfhlv0\" data-start=\"1820\" data-end=\"1844\">ciblage publicitaire<\/li><li data-section-id=\"13n6vcr\" data-start=\"1845\" data-end=\"1860\">remarketing<\/li><li data-section-id=\"hvu5ky\" data-start=\"1861\" data-end=\"1888\">analyse comportementale<\/li><\/ul><p data-start=\"1890\" data-end=\"1919\">Base l\u00e9gale : consentement<\/p><h5 data-section-id=\"9yx886\" data-start=\"1926\" data-end=\"1944\">4. Consentement<\/h5><p data-start=\"1946\" data-end=\"2015\">Lors de votre premi\u00e8re visite sur le site, une banni\u00e8re vous permet :<\/p><ul data-start=\"2017\" data-end=\"2121\"><li data-section-id=\"2y5wmq\" data-start=\"2017\" data-end=\"2048\">d\u2019accepter tous les cookies<\/li><li data-section-id=\"1i1ms3m\" data-start=\"2049\" data-end=\"2090\">de refuser les cookies non essentiels<\/li><li data-section-id=\"10yh1u5\" data-start=\"2091\" data-end=\"2121\">de personnaliser vos choix<\/li><\/ul><p data-start=\"2123\" data-end=\"2200\">Aucun cookie non essentiel n\u2019est activ\u00e9 sans votre consentement pr\u00e9alable.<\/p><h5 data-section-id=\"iuyieh\" data-start=\"2207\" data-end=\"2236\">5. Gestion des pr\u00e9f\u00e9rences<\/h5><p data-start=\"2238\" data-end=\"2265\">Vous pouvez \u00e0 tout moment :<\/p><ul data-start=\"2267\" data-end=\"2376\"><li data-section-id=\"s1dn8s\" data-start=\"2267\" data-end=\"2319\">modifier vos pr\u00e9f\u00e9rences via la banni\u00e8re cookies<\/li><li data-section-id=\"1gtm94f\" data-start=\"2320\" data-end=\"2376\">configurer votre navigateur pour bloquer les cookies<\/li><\/ul><p data-start=\"2378\" data-end=\"2392\">Liens utiles :<\/p><ul data-start=\"2394\" data-end=\"2569\"><li data-section-id=\"1e1z37y\" data-start=\"2394\" data-end=\"2453\">Chrome : <a data-start=\"2405\" data-end=\"2451\" rel=\"noopener\" target=\"_new\" class=\"decorated-link\" href=\"https:\/\/support.google.com\/chrome\/answer\/95647\">https:\/\/support.google.com\/chrome\/answer\/95647<span aria-hidden=\"true\" class=\"ms-0.5 inline-block align-middle leading-none\"><\/span><\/a><\/li><li data-section-id=\"yht93s\" data-start=\"2454\" data-end=\"2528\">Firefox : <a data-start=\"2466\" data-end=\"2526\" rel=\"noopener\" target=\"_new\" class=\"decorated-link cursor-pointer\">https:\/\/support.mozilla.org\/fr\/kb\/activer-desactiver-cookies<span aria-hidden=\"true\" class=\"ms-0.5 inline-block align-middle leading-none\"><\/span><\/a><\/li><li data-section-id=\"esk856\" data-start=\"2529\" data-end=\"2569\">Edge : <a data-start=\"2538\" data-end=\"2567\" rel=\"noopener\" target=\"_new\" class=\"decorated-link\" href=\"https:\/\/support.microsoft.com\">https:\/\/support.microsoft.com<span aria-hidden=\"true\" class=\"ms-0.5 inline-block align-middle leading-none\"><\/span><\/a><\/li><\/ul><h5 data-section-id=\"c3sqxn\" data-start=\"2576\" data-end=\"2615\">6. Dur\u00e9e de conservation des cookies<\/h5><p data-start=\"2617\" data-end=\"2672\">Les cookies sont conserv\u00e9s pour une dur\u00e9e maximale de :<\/p><ul data-start=\"2674\" data-end=\"2774\"><li data-section-id=\"1l4loli\" data-start=\"2674\" data-end=\"2727\">13 mois pour les cookies analytiques et marketing<\/li><li data-section-id=\"9tnr31\" data-start=\"2728\" data-end=\"2774\">dur\u00e9e variable pour les cookies essentiels<\/li><\/ul><h5 data-section-id=\"nhf7gg\" data-start=\"2781\" data-end=\"2807\">7. Donn\u00e9es personnelles<\/h5><p data-start=\"2809\" data-end=\"2910\">Certaines donn\u00e9es collect\u00e9es via les cookies peuvent \u00eatre consid\u00e9r\u00e9es comme des donn\u00e9es personnelles.<\/p><p data-start=\"2912\" data-end=\"3023\">Pour plus d\u2019informations, consultez notre politique de confidentialit\u00e9 :<br data-start=\"2984\" data-end=\"2987\" \/><a data-start=\"2990\" data-end=\"3023\" rel=\"noopener\" target=\"_new\" class=\"decorated-link cursor-pointer\">https:\/\/gvision.be\/privacy-policy<span aria-hidden=\"true\" class=\"ms-0.5 inline-block align-middle leading-none\"><\/span><\/a><\/p><h5 data-section-id=\"uvmy89\" data-start=\"3030\" data-end=\"3054\">8. Transferts hors UE<\/h5><p data-start=\"3056\" data-end=\"3164\">Certains outils (Google, Meta, etc.) peuvent impliquer des transferts de donn\u00e9es hors de l\u2019Union europ\u00e9enne.<\/p><p data-start=\"3166\" data-end=\"3200\">Ces transferts sont encadr\u00e9s par :<\/p><ul data-start=\"3202\" data-end=\"3280\"><li data-section-id=\"16afwyj\" data-start=\"3202\" data-end=\"3238\">des clauses contractuelles types<\/li><li data-section-id=\"lov7u1\" data-start=\"3239\" data-end=\"3280\">des garanties de s\u00e9curit\u00e9 appropri\u00e9es<\/li><\/ul><h5 data-section-id=\"1sbz48y\" data-start=\"3287\" data-end=\"3304\">9. Mise \u00e0 jour<\/h5><p data-start=\"3306\" data-end=\"3396\">Cette politique peut \u00eatre modifi\u00e9e \u00e0 tout moment afin de rester conforme \u00e0 la l\u00e9gislation.<\/p><\/div><\/div>\t\t\t\t<\/div>\n\t\t\t\t<\/div>\n\t\t\t\t\t<\/div>\n\t\t\t\t<\/div>\n\t\t<div class=\"has_eae_slider elementor-element elementor-element-3e0772e e-flex e-con-boxed e-con e-parent\" data-eae-slider=\"99088\" data-id=\"3e0772e\" data-element_type=\"container\" data-e-type=\"container\">\n\t\t\t\t\t<div class=\"e-con-inner\">\n\t\t\t\t\t<\/div>\n\t\t\t\t<\/div>\n\t\t\t\t<\/div>","protected":false},"excerpt":{"rendered":"<p>Politique de cookies \u2013 GVISION 1. Introduction Le site https:\/\/gvision.be, exploit\u00e9 par GVISION SRL, utilise des cookies afin d\u2019am\u00e9liorer votre exp\u00e9rience utilisateur, analyser le trafic et proposer des contenus adapt\u00e9s. [&hellip;]<\/p>\n","protected":false},"author":1,"featured_media":0,"parent":0,"menu_order":0,"comment_status":"closed","ping_status":"closed","template":"","meta":{"_price":"","_stock":"","_tribe_ticket_header":"","_tribe_default_ticket_provider":"","_tribe_ticket_capacity":"0","_ticket_start_date":"","_ticket_end_date":"","_tribe_ticket_show_description":"","_tribe_ticket_show_not_going":false,"_tribe_ticket_use_global_stock":"","_tribe_ticket_global_stock_level":"","_global_stock_mode":"","_global_stock_cap":"","_tribe_rsvp_for_event":"","_tribe_ticket_going_count":"","_tribe_ticket_not_going_count":"","_tribe_tickets_list":"[]","_tribe_ticket_has_attendee_info_fields":false,"footnotes":"","_tec_slr_enabled":"","_tec_slr_layout":""},"class_list":["post-8461","page","type-page","status-publish","hentry"],"ticketed":false,"_links":{"self":[{"href":"https:\/\/gvision.be\/en\/wp-json\/wp\/v2\/pages\/8461","targetHints":{"allow":["GET"]}}],"collection":[{"href":"https:\/\/gvision.be\/en\/wp-json\/wp\/v2\/pages"}],"about":[{"href":"https:\/\/gvision.be\/en\/wp-json\/wp\/v2\/types\/page"}],"author":[{"embeddable":true,"href":"https:\/\/gvision.be\/en\/wp-json\/wp\/v2\/users\/1"}],"replies":[{"embeddable":true,"href":"https:\/\/gvision.be\/en\/wp-json\/wp\/v2\/comments?post=8461"}],"version-history":[{"count":4,"href":"https:\/\/gvision.be\/en\/wp-json\/wp\/v2\/pages\/8461\/revisions"}],"predecessor-version":[{"id":8467,"href":"https:\/\/gvision.be\/en\/wp-json\/wp\/v2\/pages\/8461\/revisions\/8467"}],"wp:attachment":[{"href":"https:\/\/gvision.be\/en\/wp-json\/wp\/v2\/media?parent=8461"}],"curies":[{"name":"wp","href":"https:\/\/api.w.org\/{rel}","templated":true}]}}